{"id":330,"date":"2022-08-10T03:36:04","date_gmt":"2022-08-10T03:36:04","guid":{"rendered":"https:\/\/celenialopez.com\/index.php\/testimonials\/"},"modified":"2023-08-20T20:41:17","modified_gmt":"2023-08-20T20:41:17","slug":"testimonios-2","status":"publish","type":"page","link":"https:\/\/celenialopez.com\/index.php\/testimonios-2\/","title":{"rendered":"Testimonios"},"content":{"rendered":"\t\t<div data-elementor-type=\"wp-page\" data-elementor-id=\"330\" class=\"elementor elementor-330\">\n\t\t\t\t\t\t<section class=\"elementor-section elementor-top-section elementor-element elementor-element-944c12e elementor-section-full_width elementor-section-height-default elementor-section-height-default\" data-id=\"944c12e\" data-element_type=\"section\" data-e-type=\"section\" data-settings=\"{&quot;background_background&quot;:&quot;classic&quot;}\">\n\t\t\t\t\t\t<div class=\"elementor-container elementor-column-gap-default\">\n\t\t\t\t\t<div class=\"elementor-column elementor-col-100 elementor-top-column elementor-element elementor-element-153de2c\" data-id=\"153de2c\" data-element_type=\"column\" data-e-type=\"column\">\n\t\t\t<div class=\"elementor-widget-wrap elementor-element-populated\">\n\t\t\t\t\t\t<section class=\"elementor-section elementor-inner-section elementor-element elementor-element-b6ce071 elementor-section-boxed elementor-section-height-default elementor-section-height-default\" data-id=\"b6ce071\" data-element_type=\"section\" data-e-type=\"section\">\n\t\t\t\t\t\t<div class=\"elementor-container elementor-column-gap-default\">\n\t\t\t\t\t<div class=\"elementor-column elementor-col-100 elementor-inner-column elementor-element elementor-element-03178d6\" data-id=\"03178d6\" data-element_type=\"column\" data-e-type=\"column\">\n\t\t\t<div class=\"elementor-widget-wrap elementor-element-populated\">\n\t\t\t\t\t\t<div class=\"elementor-element elementor-element-bd5aa14 elementor-widget elementor-widget-heading\" data-id=\"bd5aa14\" data-element_type=\"widget\" data-e-type=\"widget\" data-widget_type=\"heading.default\">\n\t\t\t\t<div class=\"elementor-widget-container\">\n\t\t\t\t\t<span class=\"elementor-heading-title elementor-size-default\">TESTIMONIOS<\/span>\t\t\t\t<\/div>\n\t\t\t\t<\/div>\n\t\t\t\t<div class=\"elementor-element elementor-element-2a34760 elementor-widget elementor-widget-heading\" data-id=\"2a34760\" data-element_type=\"widget\" data-e-type=\"widget\" data-widget_type=\"heading.default\">\n\t\t\t\t<div class=\"elementor-widget-container\">\n\t\t\t\t\t<h1 class=\"elementor-heading-title elementor-size-default\">Amables palabras de elogio <\/h1>\t\t\t\t<\/div>\n\t\t\t\t<\/div>\n\t\t\t\t<div class=\"elementor-element elementor-element-2003e97 elementor-widget__width-initial elementor-widget elementor-widget-text-editor\" data-id=\"2003e97\" data-element_type=\"widget\" data-e-type=\"widget\" data-widget_type=\"text-editor.default\">\n\t\t\t\t<div class=\"elementor-widget-container\">\n\t\t\t\t\t\t\t\t\t<p>Ayudo a las personas a transformar sus vidas y sus negocios mediante un trabajo potente tanto interno como externo.<\/p>\t\t\t\t\t\t\t\t<\/div>\n\t\t\t\t<\/div>\n\t\t\t\t\t<\/div>\n\t\t<\/div>\n\t\t\t\t\t<\/div>\n\t\t<\/section>\n\t\t\t\t<section class=\"elementor-section elementor-inner-section elementor-element elementor-element-be906bb elementor-section-full_width elementor-hidden-tablet elementor-hidden-mobile elementor-section-height-default elementor-section-height-default\" data-id=\"be906bb\" data-element_type=\"section\" data-e-type=\"section\">\n\t\t\t\t\t\t<div class=\"elementor-container elementor-column-gap-default\">\n\t\t\t\t\t<div class=\"elementor-column elementor-col-100 elementor-inner-column elementor-element elementor-element-83fabe9\" data-id=\"83fabe9\" data-element_type=\"column\" data-e-type=\"column\">\n\t\t\t<div class=\"elementor-widget-wrap elementor-element-populated\">\n\t\t\t\t\t\t<div class=\"elementor-element elementor-element-87fb9f0 elementor-widget__width-initial elementor-absolute elementor-view-default elementor-widget elementor-widget-icon\" data-id=\"87fb9f0\" data-element_type=\"widget\" data-e-type=\"widget\" data-settings=\"{&quot;_position&quot;:&quot;absolute&quot;}\" data-widget_type=\"icon.default\">\n\t\t\t\t<div class=\"elementor-widget-container\">\n\t\t\t\t\t\t\t<div class=\"elementor-icon-wrapper\">\n\t\t\t<div class=\"elementor-icon\">\n\t\t\t\t\t\t<\/div>\n\t\t<\/div>\n\t\t\t\t\t\t<\/div>\n\t\t\t\t<\/div>\n\t\t\t\t\t<\/div>\n\t\t<\/div>\n\t\t\t\t\t<\/div>\n\t\t<\/section>\n\t\t\t\t\t<\/div>\n\t\t<\/div>\n\t\t\t\t\t<\/div>\n\t\t<\/section>\n\t\t\t\t<section class=\"elementor-section elementor-top-section elementor-element elementor-element-cf8ad19 elementor-section-stretched elementor-section-content-middle elementor-section-boxed elementor-section-height-default elementor-section-height-default\" data-id=\"cf8ad19\" data-element_type=\"section\" data-e-type=\"section\" data-settings=\"{&quot;background_background&quot;:&quot;classic&quot;,&quot;stretch_section&quot;:&quot;section-stretched&quot;,&quot;animation&quot;:&quot;none&quot;}\">\n\t\t\t\t\t\t<div class=\"elementor-container elementor-column-gap-default\">\n\t\t\t\t\t<div class=\"elementor-column elementor-col-100 elementor-top-column elementor-element elementor-element-ec10b44\" data-id=\"ec10b44\" data-element_type=\"column\" data-e-type=\"column\" data-settings=\"{&quot;background_background&quot;:&quot;classic&quot;}\">\n\t\t\t<div class=\"elementor-widget-wrap elementor-element-populated\">\n\t\t\t\t\t\t<section class=\"elementor-section elementor-inner-section elementor-element elementor-element-7e8384b bg-secondary-1 elementor-section-full_width elementor-section-height-default elementor-section-height-default\" data-id=\"7e8384b\" data-element_type=\"section\" data-e-type=\"section\" data-settings=\"{&quot;background_background&quot;:&quot;classic&quot;}\">\n\t\t\t\t\t\t<div class=\"elementor-container elementor-column-gap-default\">\n\t\t\t\t\t<div class=\"elementor-column elementor-col-50 elementor-inner-column elementor-element elementor-element-07f8932\" data-id=\"07f8932\" data-element_type=\"column\" data-e-type=\"column\">\n\t\t\t<div class=\"elementor-widget-wrap elementor-element-populated\">\n\t\t\t\t\t\t<div class=\"elementor-element elementor-element-46a7a87 elementor-widget elementor-widget-image\" data-id=\"46a7a87\" data-element_type=\"widget\" data-e-type=\"widget\" data-widget_type=\"image.default\">\n\t\t\t\t<div class=\"elementor-widget-container\">\n\t\t\t\t\t\t\t\t\t\t\t\t\t\t\t<img decoding=\"async\" width=\"150\" height=\"150\" src=\"https:\/\/celenialopez.com\/wp-content\/uploads\/2023\/06\/ec8cc301-07d0-41c9-8031-97f0622ad1dc-150x150.jpg\" class=\"attachment-thumbnail size-thumbnail wp-image-2630\" alt=\"\" srcset=\"https:\/\/celenialopez.com\/wp-content\/uploads\/2023\/06\/ec8cc301-07d0-41c9-8031-97f0622ad1dc-150x150.jpg 150w, https:\/\/celenialopez.com\/wp-content\/uploads\/2023\/06\/ec8cc301-07d0-41c9-8031-97f0622ad1dc-355x355.jpg 355w, https:\/\/celenialopez.com\/wp-content\/uploads\/2023\/06\/ec8cc301-07d0-41c9-8031-97f0622ad1dc-370x370.jpg 370w, https:\/\/celenialopez.com\/wp-content\/uploads\/2023\/06\/ec8cc301-07d0-41c9-8031-97f0622ad1dc-170x170.jpg 170w, https:\/\/celenialopez.com\/wp-content\/uploads\/2023\/06\/ec8cc301-07d0-41c9-8031-97f0622ad1dc-300x300.jpg 300w\" sizes=\"100vw\" \/>\t\t\t\t\t\t\t\t\t\t\t\t\t\t\t<\/div>\n\t\t\t\t<\/div>\n\t\t\t\t<div class=\"elementor-element elementor-element-b6d13de elementor-widget elementor-widget-heading\" data-id=\"b6d13de\" data-element_type=\"widget\" data-e-type=\"widget\" data-widget_type=\"heading.default\">\n\t\t\t\t<div class=\"elementor-widget-container\">\n\t\t\t\t\t<span class=\"elementor-heading-title elementor-size-default\">Orfilia Castillo<\/span>\t\t\t\t<\/div>\n\t\t\t\t<\/div>\n\t\t\t\t<div class=\"elementor-element elementor-element-8afc0ef elementor-widget elementor-widget-heading\" data-id=\"8afc0ef\" data-element_type=\"widget\" data-e-type=\"widget\" data-widget_type=\"heading.default\">\n\t\t\t\t<div class=\"elementor-widget-container\">\n\t\t\t\t\t<p class=\"elementor-heading-title elementor-size-default\">Coaching Client<\/p>\t\t\t\t<\/div>\n\t\t\t\t<\/div>\n\t\t\t\t\t<\/div>\n\t\t<\/div>\n\t\t\t\t<div class=\"elementor-column elementor-col-50 elementor-inner-column elementor-element elementor-element-3bfde20\" data-id=\"3bfde20\" data-element_type=\"column\" data-e-type=\"column\" data-settings=\"{&quot;background_background&quot;:&quot;classic&quot;}\">\n\t\t\t<div class=\"elementor-widget-wrap elementor-element-populated\">\n\t\t\t\t\t\t<div class=\"elementor-element elementor-element-f52ec5f elementor-widget elementor-widget-text-editor\" data-id=\"f52ec5f\" data-element_type=\"widget\" data-e-type=\"widget\" data-widget_type=\"text-editor.default\">\n\t\t\t\t<div class=\"elementor-widget-container\">\n\t\t\t\t\t\t\t\t\t<p>Tomar el M\u00e9todo de Expansi\u00f3n de conciencia MEC fue de mucho provecho para mi vida, me ayud\u00f3 a sacar patrones y creencia que no e dejaban avanzar con mis metas y con mi prop\u00f3sito, pude personar algunas situaciones de mi pasado, hoy en d\u00eda soy una persona nueva, segura de mi misma y con metas muy claras, en conclusi\u00f3n puedo decir que el m\u00e9todo es muy eficiente y divertido que te hace crecer en todos los \u00e1mbitos.<\/p>\t\t\t\t\t\t\t\t<\/div>\n\t\t\t\t<\/div>\n\t\t\t\t\t<\/div>\n\t\t<\/div>\n\t\t\t\t\t<\/div>\n\t\t<\/section>\n\t\t\t\t\t<\/div>\n\t\t<\/div>\n\t\t\t\t\t<\/div>\n\t\t<\/section>\n\t\t\t\t<section class=\"elementor-section elementor-top-section elementor-element elementor-element-e66bd00 bg-secondary-1 elementor-section-boxed elementor-section-height-default elementor-section-height-default\" data-id=\"e66bd00\" data-element_type=\"section\" data-e-type=\"section\" data-settings=\"{&quot;background_background&quot;:&quot;classic&quot;}\">\n\t\t\t\t\t\t\t<div class=\"elementor-background-overlay\"><\/div>\n\t\t\t\t\t\t\t<div class=\"elementor-container elementor-column-gap-default\">\n\t\t\t\t\t<div class=\"elementor-column elementor-col-100 elementor-top-column elementor-element elementor-element-fbd4bc9\" data-id=\"fbd4bc9\" data-element_type=\"column\" data-e-type=\"column\">\n\t\t\t<div class=\"elementor-widget-wrap elementor-element-populated\">\n\t\t\t\t\t\t<section class=\"elementor-section elementor-inner-section elementor-element elementor-element-ea00b81 content-alignment elementor-section-boxed elementor-section-height-default elementor-section-height-default\" data-id=\"ea00b81\" data-element_type=\"section\" data-e-type=\"section\">\n\t\t\t\t\t\t<div class=\"elementor-container elementor-column-gap-default\">\n\t\t\t\t\t<div class=\"elementor-column elementor-col-50 elementor-inner-column elementor-element elementor-element-5f93238\" data-id=\"5f93238\" data-element_type=\"column\" data-e-type=\"column\">\n\t\t\t<div class=\"elementor-widget-wrap elementor-element-populated\">\n\t\t\t\t\t\t<div class=\"elementor-element elementor-element-9e034e5 elementor-widget elementor-widget-image\" data-id=\"9e034e5\" data-element_type=\"widget\" data-e-type=\"widget\" data-widget_type=\"image.default\">\n\t\t\t\t<div class=\"elementor-widget-container\">\n\t\t\t\t\t\t\t\t\t\t\t\t\t\t\t<img fetchpriority=\"high\" decoding=\"async\" width=\"525\" height=\"739\" src=\"https:\/\/celenialopez.com\/wp-content\/uploads\/2023\/08\/IMG_5158-727x1024.jpg\" class=\"attachment-large size-large wp-image-3003\" alt=\"\" srcset=\"https:\/\/celenialopez.com\/wp-content\/uploads\/2023\/08\/IMG_5158-727x1024.jpg 727w, https:\/\/celenialopez.com\/wp-content\/uploads\/2023\/08\/IMG_5158-213x300.jpg 213w, https:\/\/celenialopez.com\/wp-content\/uploads\/2023\/08\/IMG_5158-768x1082.jpg 768w, https:\/\/celenialopez.com\/wp-content\/uploads\/2023\/08\/IMG_5158-197x278.jpg 197w, https:\/\/celenialopez.com\/wp-content\/uploads\/2023\/08\/IMG_5158-1090x1536.jpg 1090w, https:\/\/celenialopez.com\/wp-content\/uploads\/2023\/08\/IMG_5158-scaled.jpg 1817w\" sizes=\"100vw\" \/>\t\t\t\t\t\t\t\t\t\t\t\t\t\t\t<\/div>\n\t\t\t\t<\/div>\n\t\t\t\t<div class=\"elementor-element elementor-element-a64362c elementor-widget__width-auto elementor-absolute elementor-hidden-mobile elementor-hidden-tablet elementor-widget elementor-widget-image\" data-id=\"a64362c\" data-element_type=\"widget\" data-e-type=\"widget\" data-settings=\"{&quot;_position&quot;:&quot;absolute&quot;}\" data-widget_type=\"image.default\">\n\t\t\t\t<div class=\"elementor-widget-container\">\n\t\t\t\t\t\t\t\t\t\t\t\t\t\t\t<img decoding=\"async\" width=\"262\" height=\"207\" src=\"https:\/\/celenialopez.com\/wp-content\/uploads\/2022\/08\/leaves-g6c4788cdf_1280-1.png\" class=\"attachment-large size-large wp-image-1216\" alt=\"\" srcset=\"https:\/\/celenialopez.com\/wp-content\/uploads\/2022\/08\/leaves-g6c4788cdf_1280-1.png 262w, https:\/\/celenialopez.com\/wp-content\/uploads\/2022\/08\/leaves-g6c4788cdf_1280-1-76x60.png 76w\" sizes=\"100vw\" \/>\t\t\t\t\t\t\t\t\t\t\t\t\t\t\t<\/div>\n\t\t\t\t<\/div>\n\t\t\t\t\t<\/div>\n\t\t<\/div>\n\t\t\t\t<div class=\"elementor-column elementor-col-50 elementor-inner-column elementor-element elementor-element-0963586\" data-id=\"0963586\" data-element_type=\"column\" data-e-type=\"column\" data-settings=\"{&quot;background_background&quot;:&quot;classic&quot;}\">\n\t\t\t<div class=\"elementor-widget-wrap elementor-element-populated\">\n\t\t\t\t\t\t<div class=\"elementor-element elementor-element-c4f7ced elementor-widget elementor-widget-heading\" data-id=\"c4f7ced\" data-element_type=\"widget\" data-e-type=\"widget\" data-widget_type=\"heading.default\">\n\t\t\t\t<div class=\"elementor-widget-container\">\n\t\t\t\t\t<span class=\"elementor-heading-title elementor-size-default\">LLAMADA GRATUITA DE DIAGNOSTICO<\/span>\t\t\t\t<\/div>\n\t\t\t\t<\/div>\n\t\t\t\t<div class=\"elementor-element elementor-element-5f84112 elementor-widget elementor-widget-heading\" data-id=\"5f84112\" data-element_type=\"widget\" data-e-type=\"widget\" data-widget_type=\"heading.default\">\n\t\t\t\t<div class=\"elementor-widget-container\">\n\t\t\t\t\t<h2 class=\"elementor-heading-title elementor-size-default\">\u00bfNo est\u00e1s seguro por donde empezar?<\/h2>\t\t\t\t<\/div>\n\t\t\t\t<\/div>\n\t\t\t\t<div class=\"elementor-element elementor-element-5261459 elementor-widget elementor-widget-text-editor\" data-id=\"5261459\" data-element_type=\"widget\" data-e-type=\"widget\" data-widget_type=\"text-editor.default\">\n\t\t\t\t<div class=\"elementor-widget-container\">\n\t\t\t\t\t\t\t\t\t<p>\u00a0<\/p><p>Reserve su\u00a0<strong>sesi\u00f3n de diagnostico gratuita de 30 minutos hoy<\/strong>\u00a0y d\u00e9 el primer paso para invertir en usted mismo.<\/p>\t\t\t\t\t\t\t\t<\/div>\n\t\t\t\t<\/div>\n\t\t\t\t<div class=\"elementor-element elementor-element-28f8584 elementor-widget elementor-widget-button\" data-id=\"28f8584\" data-element_type=\"widget\" data-e-type=\"widget\" data-widget_type=\"button.default\">\n\t\t\t\t<div class=\"elementor-widget-container\">\n\t\t\t\t\t\t\t\t\t<div class=\"elementor-button-wrapper\">\n\t\t\t\t\t<a class=\"elementor-button elementor-button-link elementor-size-sm\" href=\"https:\/\/celenialopez.com\/index.php\/coaching\/\">\n\t\t\t\t\t\t<span class=\"elementor-button-content-wrapper\">\n\t\t\t\t\t\t\t\t\t<span class=\"elementor-button-text\">Programar una llamada<\/span>\n\t\t\t\t\t<\/span>\n\t\t\t\t\t<\/a>\n\t\t\t\t<\/div>\n\t\t\t\t\t\t\t\t<\/div>\n\t\t\t\t<\/div>\n\t\t\t\t\t<\/div>\n\t\t<\/div>\n\t\t\t\t\t<\/div>\n\t\t<\/section>\n\t\t\t\t\t<\/div>\n\t\t<\/div>\n\t\t\t\t\t<\/div>\n\t\t<\/section>\n\t\t\t\t<\/div>\n\t\t","protected":false},"excerpt":{"rendered":"<p>TESTIMONIOS Amables palabras de elogio Ayudo a las personas a transformar sus vidas y sus negocios mediante un trabajo potente tanto interno como externo. Orfilia Castillo Coaching Client Tomar el M\u00e9todo de Expansi\u00f3n de conciencia MEC fue de mucho provecho para mi vida, me ayud\u00f3 a sacar patrones y creencia que no e dejaban avanzar &hellip; <\/p>\n<p class=\"link-more\"><a href=\"https:\/\/celenialopez.com\/index.php\/testimonios-2\/\" class=\"more-link\">Continue reading<span class=\"screen-reader-text\"> &#8220;Testimonios&#8221;<\/span><\/a><\/p>\n","protected":false},"author":1,"featured_media":0,"parent":0,"menu_order":0,"comment_status":"closed","ping_status":"closed","template":"elementor_header_footer","meta":{"_uag_custom_page_level_css":"","footnotes":""},"class_list":["post-330","page","type-page","status-publish","hentry"],"uagb_featured_image_src":{"full":false,"thumbnail":false,"medium":false,"medium_large":false,"large":false,"post-slider-thumb-size":false,"post-category-slider-size":false,"meafe-featured-page":false,"meafe-testimonial-two":false,"meafe-blog-one":false,"meafe-blog-two":false,"meafe-category-tab":false,"meafe-category-grid":false,"meafe-category-grid-one":false,"meafe-category-grid-two":false,"meafe-category-grid-three":false,"meafe-category-grid-lay-three":false,"meafe-post-modules-large-img":false,"meafe-post-modules-small-img":false,"1536x1536":false,"2048x2048":false,"twentyseventeen-featured-image":false,"twentyseventeen-thumbnail-avatar":false},"uagb_author_info":{"display_name":"celenialopez.com","author_link":"https:\/\/celenialopez.com\/index.php\/author\/celenialopez-com\/"},"uagb_comment_info":0,"uagb_excerpt":"TESTIMONIOS Amables palabras de elogio Ayudo a las personas a transformar sus vidas y sus negocios mediante un trabajo potente tanto interno como externo. Orfilia Castillo Coaching Client Tomar el M\u00e9todo de Expansi\u00f3n de conciencia MEC fue de mucho provecho para mi vida, me ayud\u00f3 a sacar patrones y creencia que no e dejaban avanzar&hellip;","_links":{"self":[{"href":"https:\/\/celenialopez.com\/index.php\/wp-json\/wp\/v2\/pages\/330","targetHints":{"allow":["GET"]}}],"collection":[{"href":"https:\/\/celenialopez.com\/index.php\/wp-json\/wp\/v2\/pages"}],"about":[{"href":"https:\/\/celenialopez.com\/index.php\/wp-json\/wp\/v2\/types\/page"}],"author":[{"embeddable":true,"href":"https:\/\/celenialopez.com\/index.php\/wp-json\/wp\/v2\/users\/1"}],"replies":[{"embeddable":true,"href":"https:\/\/celenialopez.com\/index.php\/wp-json\/wp\/v2\/comments?post=330"}],"version-history":[{"count":19,"href":"https:\/\/celenialopez.com\/index.php\/wp-json\/wp\/v2\/pages\/330\/revisions"}],"predecessor-version":[{"id":3075,"href":"https:\/\/celenialopez.com\/index.php\/wp-json\/wp\/v2\/pages\/330\/revisions\/3075"}],"wp:attachment":[{"href":"https:\/\/celenialopez.com\/index.php\/wp-json\/wp\/v2\/media?parent=330"}],"curies":[{"name":"wp","href":"https:\/\/api.w.org\/{rel}","templated":true}]}}